{"id":11922,"date":"2021-11-17T14:10:36","date_gmt":"2021-11-17T14:10:36","guid":{"rendered":"https:\/\/staging.safina.pt\/sobre-a-safina\/"},"modified":"2022-05-09T22:57:13","modified_gmt":"2022-05-09T22:57:13","slug":"safina","status":"publish","type":"page","link":"https:\/\/staging.safina.pt\/fr\/safina\/","title":{"rendered":"Safina"},"content":{"rendered":"<p>[vc_row row_content_width=\u00a0\u00bbgrid\u00a0\u00bb row_btt_skin=\u00a0\u00bblight\u00a0\u00bb row_background_text_position=\u00a0\u00bbfront\u00a0\u00bb row_skin=\u00a0\u00bbdark\u00a0\u00bb css=\u00a0\u00bb.vc_custom_1648038016940{padding-top: 54px !important;padding-bottom: 54px !important;}\u00a0\u00bb simple_background_color=\u00a0\u00bb#1e212b\u00a0\u00bb el_id=\u00a0\u00bbsobre-foto\u00a0\u00bb][vc_column offset=\u00a0\u00bbvc_col-lg-offset-0 vc_col-lg-6 vc_col-md-offset-0 vc_col-md-12 vc_col-sm-offset-0&Prime; el_class=\u00a0\u00bbmkdf-appearing-section mkdf-custom-column-image\u00a0\u00bb]<div class=\"mkdf-elements-holder   mkdf-one-column mkdf-ehi-float mkdf-responsive-mode-768 \" ><div class=\"mkdf-eh-item    \"  data-item-class=\"mkdf-eh-custom-5028\">\n\t<div class=\"mkdf-eh-item-inner\">\n\t\t<div class=\"mkdf-eh-item-content mkdf-eh-custom-5028\" >\n\t\t\t<div class=\"mkdf-single-image-holder   \">\n    <div class=\"mkdf-si-inner\" >\n                                    <img width=\"1024\" height=\"683\" src=\"https:\/\/staging.safina.pt\/wp-content\/uploads\/2019\/01\/78I9417-1024x683.jpg\" class=\"attachment-large size-large\" alt=\"\" loading=\"lazy\" srcset=\"https:\/\/staging.safina.pt\/wp-content\/uploads\/2019\/01\/78I9417-1024x683.jpg 1024w, https:\/\/staging.safina.pt\/wp-content\/uploads\/2019\/01\/78I9417-1536x1024.jpg 1536w\" sizes=\"(max-width: 1024px) 100vw, 1024px\" \/>                        <\/div>\n<\/div>\t\t<\/div>\n\t<\/div>\n<\/div><\/div>[\/vc_column][vc_column offset=\u00a0\u00bbvc_col-lg-offset-0 vc_col-lg-6 vc_col-md-offset-0 vc_col-md-12 vc_col-sm-offset-0&Prime;]<div class=\"mkdf-elements-holder   mkdf-one-column  mkdf-responsive-mode-768 \" ><div class=\"mkdf-eh-item    \"  data-item-class=\"mkdf-eh-custom-2265\" data-1367-1600=\"0px 54px 0px 54px\" data-1025-1366=\"0px 0px 0px 54px\">\n\t<div class=\"mkdf-eh-item-inner\">\n\t\t<div class=\"mkdf-eh-item-content mkdf-eh-custom-2265\" >\n\t\t\t[vc_column_text]<\/p>\n<h6><span style=\"color: #8491a3;\">Sur la Safina<\/span><\/h6>\n<p><span style=\"color: #f7fff6;\">Safina, fond\u00e9e en 1971, s&rsquo;est initialement sp\u00e9cialis\u00e9e dans la production de tapis, moquettes et moquettes. Au fil du temps, elle a \u00e9tendu son activit\u00e9 aux domaines de l&rsquo;extrusion de fils synth\u00e9tiques et de la fabrication de tapis au Caire. En 1996, la fabrication et la vente de gazon artificiel d\u00e9coratif ont commenc\u00e9, \u00e9largissant l&rsquo;activit\u00e9, en 2006, \u00e0 la fabrication de gazon artificiel sportif et paysager.<\/span>[\/vc_column_text][vc_empty_space]<a itemprop=\"url\" href=\"#objectifs-strategiques\" target=\"_self\" style=\"color: #ffffff;padding: 7px 38px\" class=\"mkdf-btn mkdf-btn-medium mkdf-btn-solid\"  >\n    <span class=\"mkdf-btn-text\">Savoir Plus<\/span>\n    <\/a>\t\t<\/div>\n\t<\/div>\n<\/div><\/div>[\/vc_column][\/vc_row][vc_row row_btt_skin=\u00a0\u00bblight\u00a0\u00bb row_background_text_position=\u00a0\u00bbfront\u00a0\u00bb row_background_text_align=\u00a0\u00bbleft\u00a0\u00bb row_skin=\u00a0\u00bbdark\u00a0\u00bb row_background_text_1=\u00a0\u00bbINSTALLATIONS\u00a0\u00bb row_background_text_size=\u00a0\u00bb10em\u00a0\u00bb row_background_text_size_1280=\u00a0\u00bb7em\u00a0\u00bb row_background_text_size_1440=\u00a0\u00bb9m\u00a0\u00bb row_background_text_color=\u00a0\u00bbrgba(222,223,224,0.6)\u00a0\u00bb simple_background_color=\u00a0\u00bb#8491a3&Prime; row_background_text_padding_top=\u00a0\u00bb2%\u00a0\u00bb row_background_text_padding_top_1440=\u00a0\u00bb2%\u00a0\u00bb row_background_text_padding_top_1280=\u00a0\u00bb2%\u00a0\u00bb row_background_text_padding_left=\u00a0\u00bb9%\u00a0\u00bb row_background_text_padding_left_1440=\u00a0\u00bb9%\u00a0\u00bb row_background_text_padding_left_1280=\u00a0\u00bb9%\u00a0\u00bb][vc_column]<div class=\"mkdf-elements-holder   mkdf-one-column  mkdf-responsive-mode-768 \" ><div class=\"mkdf-eh-item    \"  data-item-class=\"mkdf-eh-custom-8643\" data-1367-1600=\"54px 0 0 155px\" data-1025-1366=\"54px 0 0 11%\" data-769-1024=\"54px 0 6px 116px\" data-681-768=\"54px 0 6px 72px\" data-680=\"54px 0 11px 35px\">\n\t<div class=\"mkdf-eh-item-inner\">\n\t\t<div class=\"mkdf-eh-item-content mkdf-eh-custom-8643\" style=\"padding: 0% 0% 0% 11%\">\n\t\t\t[vc_column_text css=\u00a0\u00bb.vc_custom_1648038896957{padding-top: 0px !important;padding-bottom: 0px !important;}\u00a0\u00bb]<\/p>\n<h1>Installations<\/h1>\n<p>[\/vc_column_text]\t\t<\/div>\n\t<\/div>\n<\/div><\/div>[\/vc_column][\/vc_row][vc_row row_btt_skin=\u00a0\u00bblight\u00a0\u00bb row_background_text_position=\u00a0\u00bbfront\u00a0\u00bb row_skin=\u00a0\u00bbdark\u00a0\u00bb css=\u00a0\u00bb.vc_custom_1639444576558{padding-top: 43px !important;}\u00a0\u00bb simple_background_color=\u00a0\u00bb#8491a3&Prime; el_id=\u00a0\u00bbinstalacoes-fotos\u00a0\u00bb][vc_column]<div class=\"mkdf-elements-holder   mkdf-one-column  mkdf-responsive-mode-768 \" ><div class=\"mkdf-eh-item    \"  data-item-class=\"mkdf-eh-custom-6781\" data-1367-1600=\"0 5px 0 5px\" data-1025-1366=\"0 0px 0 0px\" data-769-1024=\"0 87px 5px 87px\" data-681-768=\"0 51px 50px 51px\" data-680=\"0 4px 50px 4px\">\n\t<div class=\"mkdf-eh-item-inner\">\n\t\t<div class=\"mkdf-eh-item-content mkdf-eh-custom-6781\" style=\"padding: 0 4px 0 4px\">\n\t\t\t<div class=\"mkdf-triple-frame-image-highlight-holder   mkdf-tfih-with-nav\">\n    <div class=\"mkdf-triple-frame-image-highlight\">\n        <div class=\"mkdf-tfih-inner\">\n                                        <div class=\"mkdf-tfih-image-holder mkdf-tfih-centered-image-holder\">\n                                                            <img class=\"mkdf-tfih-centered-image\" \n                        src=\"https:\/\/staging.safina.pt\/wp-content\/uploads\/2021\/12\/instalacoes-3-1.jpg\" \n                        alt=\"instalacoes-3\" \/>\n                <\/div>\n                            <div class=\"mkdf-tfih-image-holder mkdf-tfih-left-image-holder\">\n                                                            <img class=\"mkdf-tfih-left-image\" \n                        src=\"https:\/\/staging.safina.pt\/wp-content\/uploads\/2021\/12\/instalacoes-1-1.jpg\" \n                        alt=\"instalacoes-1\" \/>\n                <\/div>\n                            <div class=\"mkdf-tfih-image-holder mkdf-tfih-right-image-holder\">\n                                                            <img class=\"mkdf-tfih-right-image\" \n                        src=\"https:\/\/staging.safina.pt\/wp-content\/uploads\/2021\/12\/instalacoes-2-1.jpg\" \n                        alt=\"instalacoes-2\" \/>\n                <\/div>\n                    <\/div>\n        <div class=\"mkdf-tfih-left-trigger\"><\/div>\n        <div class=\"mkdf-tfih-right-trigger\"><\/div>\n    <\/div>\n            <span class=\"mkdf-tfih-nav mkdf-tfih-left\">\n            <span class=\"arrow_carrot-left\"><\/span>\n        <\/span>\n        <span class=\"mkdf-tfih-nav mkdf-tfih-right\">\n            <span class=\"arrow_carrot-right\"><\/span>\n        <\/span>\n    <\/div>\n\t\t<\/div>\n\t<\/div>\n<\/div><\/div>[\/vc_column][\/vc_row][vc_row row_btt_skin=\u00a0\u00bblight\u00a0\u00bb content_text_aligment=\u00a0\u00bbcenter\u00a0\u00bb row_background_text_position=\u00a0\u00bbfront\u00a0\u00bb row_skin=\u00a0\u00bbdark\u00a0\u00bb simple_background_color=\u00a0\u00bb#1e212b\u00a0\u00bb css=\u00a0\u00bb.vc_custom_1648040312301{margin-top: -200px !important;padding-top: 114px !important;padding-bottom: 54px !important;}\u00a0\u00bb][vc_column][vc_empty_space][\/vc_column][\/vc_row][vc_row row_content_width=\u00a0\u00bbgrid\u00a0\u00bb row_btt_skin=\u00a0\u00bblight\u00a0\u00bb row_background_text_position=\u00a0\u00bbfront\u00a0\u00bb el_id=\u00a0\u00bbsobre-pessoas-valores\u00a0\u00bb css=\u00a0\u00bb.vc_custom_1648042139576{padding-top: 54px !important;padding-bottom: 3% !important;}\u00a0\u00bb][vc_column]<div class=\"mkdf-elements-holder   mkdf-three-columns  mkdf-responsive-mode-1024 \" ><div class=\"mkdf-eh-item   mkdf-horizontal-alignment-center \"  data-item-class=\"mkdf-eh-custom-3519\" data-769-1024=\"0 0px 0px 0\" data-681-768=\"0 0px 0px 0\" data-680=\"0 0px 0px 0\">\n\t<div class=\"mkdf-eh-item-inner\">\n\t\t<div class=\"mkdf-eh-item-content mkdf-eh-custom-3519\" >\n\t\t\t<div class=\"mkdf-single-image-holder   \">\n    <div class=\"mkdf-si-inner\" >\n                                    <img src=\"https:\/\/staging.safina.pt\/wp-content\/uploads\/2021\/11\/Capturejjj-768x768.png\" alt=\"\" width=\"768\" height=\"768\" \/>                        <\/div>\n<\/div>\t\t<\/div>\n\t<\/div>\n<\/div><div class=\"mkdf-eh-item   mkdf-horizontal-alignment-center \"  data-item-class=\"mkdf-eh-custom-1420\" data-769-1024=\"60px 0px 60px 0px\" data-681-768=\"60px 0px 60px 0px\" data-680=\"60px 0px 60px 0px\">\n\t<div class=\"mkdf-eh-item-inner\">\n\t\t<div class=\"mkdf-eh-item-content mkdf-eh-custom-1420\" style=\"padding: 0 11px 0px 11px\">\n\t\t\t<div class=\"mkdf-iwt clearfix  mkdf-iwt-icon-top-centered mkdf-iwt-boxed mkdf-iwt-icon-medium\" >\n\t<div class=\"mkdf-iwt-icon\">\n\t\t\t\t\t\t\t\t\t    <span class=\"mkdf-icon-shortcode mkdf-normal   mkdf-icon-medium\"  >\n                    <span aria-hidden=\"true\" class=\"mkdf-icon-linear-icons lnr lnr-users mkdf-icon-element\" style=\"\" ><\/span>            <\/span>\n\t\t\t\t\t\t<\/div>\n\t<div class=\"mkdf-iwt-content\" style=\"padding-top: px\">\n        \t\t\t\t\t<h4 class=\"mkdf-iwt-title\" style=\"margin-top: -4px\">\n\t\t\t\t\t\t\t\t<span class=\"mkdf-iwt-title-text\">Personnel<\/span>\n\t\t\t\t\t\t\t<\/h4>\n\t\t\t\t\t\t\t<p class=\"mkdf-iwt-text\" style=\"margin-top: 14px\">Safina dispose d&#039;un personnel qui rassemble plus de 100 professionnels sp\u00e9cialis\u00e9s, tr\u00e8s engag\u00e9s et d\u00e9di\u00e9s \u00e0 satisfaire les besoins de plus de 500 clients nationaux et internationaux.<\/p>\n\t\t\t<\/div>\n<\/div>\t\t<\/div>\n\t<\/div>\n<\/div><div class=\"mkdf-eh-item   mkdf-horizontal-alignment-center \"  data-item-class=\"mkdf-eh-custom-9668\" data-769-1024=\"0 0px 28px 0px\" data-681-768=\"0 0px 28px 0px\" data-680=\"0 0px 28px 0px\">\n\t<div class=\"mkdf-eh-item-inner\">\n\t\t<div class=\"mkdf-eh-item-content mkdf-eh-custom-9668\" >\n\t\t\t<div class=\"mkdf-single-image-holder   \">\n    <div class=\"mkdf-si-inner\" >\n                                    <img src=\"https:\/\/staging.safina.pt\/wp-content\/uploads\/2021\/11\/iuoi-768x768.png\" alt=\"\" width=\"768\" height=\"768\" \/>                        <\/div>\n<\/div>\t\t<\/div>\n\t<\/div>\n<\/div><\/div>[\/vc_column][\/vc_row][vc_row row_content_width=\u00a0\u00bbgrid\u00a0\u00bb row_btt_skin=\u00a0\u00bblight\u00a0\u00bb row_background_text_position=\u00a0\u00bbfront\u00a0\u00bb css=\u00a0\u00bb.vc_custom_1648041997162{padding-bottom: 0px !important;}\u00a0\u00bb el_id=\u00a0\u00bbsobre-pessoas-valores\u00a0\u00bb][vc_column]<div class=\"mkdf-elements-holder   mkdf-three-columns  mkdf-responsive-mode-1024 \" ><div class=\"mkdf-eh-item   mkdf-horizontal-alignment-center \"  data-item-class=\"mkdf-eh-custom-2790\" data-769-1024=\"0px 0px 28px 0px\" data-681-768=\"0px 0px 28px 0px\" data-680=\"0px 0px 28px 0px\">\n\t<div class=\"mkdf-eh-item-inner\">\n\t\t<div class=\"mkdf-eh-item-content mkdf-eh-custom-2790\" style=\"padding: 0 0px 0px 19px\">\n\t\t\t<div class=\"mkdf-iwt clearfix  mkdf-iwt-icon-top-centered mkdf-iwt-boxed mkdf-iwt-icon-medium\" >\n\t<div class=\"mkdf-iwt-icon\">\n\t\t\t\t\t\t\t\t\t    <span class=\"mkdf-icon-shortcode mkdf-normal   mkdf-icon-medium\"  >\n                    <span aria-hidden=\"true\" class=\"mkdf-icon-linear-icons lnr lnr-heart mkdf-icon-element\" style=\"\" ><\/span>            <\/span>\n\t\t\t\t\t\t<\/div>\n\t<div class=\"mkdf-iwt-content\" style=\"padding-top: px\">\n        \t\t\t\t\t<h4 class=\"mkdf-iwt-title\" style=\"margin-top: -4px\">\n\t\t\t\t\t\t\t\t<span class=\"mkdf-iwt-title-text\">Valeurs<\/span>\n\t\t\t\t\t\t\t<\/h4>\n\t\t\t\t\t\t\t<p class=\"mkdf-iwt-text\" style=\"margin-top: 14px\">La qualit\u00e9 n&#039;est que le point de d\u00e9part de la satisfaction : la transparence dans la communication et les relations, ainsi que l&#039;engagement envers les clients, les employ\u00e9s et les partenaires commerciaux sont le reflet des valeurs de Safina.<\/p>\n\t\t\t<\/div>\n<\/div>\t\t<\/div>\n\t<\/div>\n<\/div><div class=\"mkdf-eh-item   mkdf-horizontal-alignment-center \"  data-item-class=\"mkdf-eh-custom-3245\" data-769-1024=\"60px 0px 60px 0px\" data-681-768=\"60px 0px 60px 0px\" data-680=\"60px 0px 60px 0px\">\n\t<div class=\"mkdf-eh-item-inner\">\n\t\t<div class=\"mkdf-eh-item-content mkdf-eh-custom-3245\" style=\"padding: 0 11px 0px 11px\">\n\t\t\t<div class=\"mkdf-single-image-holder   \">\n    <div class=\"mkdf-si-inner\" >\n                                    <img src=\"https:\/\/staging.safina.pt\/wp-content\/uploads\/2021\/11\/iii-768x768.png\" alt=\"\" width=\"768\" height=\"768\" \/>                        <\/div>\n<\/div>\t\t<\/div>\n\t<\/div>\n<\/div><div class=\"mkdf-eh-item   mkdf-horizontal-alignment-center \"  data-item-class=\"mkdf-eh-custom-5008\" data-769-1024=\"0 0px 0px 0\" data-681-768=\"0 0px 0px 0\" data-680=\"0 0px 0px 0\">\n\t<div class=\"mkdf-eh-item-inner\">\n\t\t<div class=\"mkdf-eh-item-content mkdf-eh-custom-5008\" style=\"padding: 0 20px 0px 0\">\n\t\t\t<div class=\"mkdf-iwt clearfix  mkdf-iwt-icon-top-centered mkdf-iwt-boxed mkdf-iwt-icon-medium\" >\n\t<div class=\"mkdf-iwt-icon\">\n\t\t\t\t\t\t\t\t\t    <span class=\"mkdf-icon-shortcode mkdf-normal   mkdf-icon-medium\"  >\n                    <span aria-hidden=\"true\" class=\"mkdf-icon-linear-icons lnr lnr-book mkdf-icon-element\" style=\"\" ><\/span>            <\/span>\n\t\t\t\t\t\t<\/div>\n\t<div class=\"mkdf-iwt-content\" style=\"padding-top: px\">\n        \t\t\t\t\t<h4 class=\"mkdf-iwt-title\" style=\"margin-top: -4px\">\n\t\t\t\t\t\t\t\t<span class=\"mkdf-iwt-title-text\">Savoir-faire<\/span>\n\t\t\t\t\t\t\t<\/h4>\n\t\t\t\t\t\t\t<p class=\"mkdf-iwt-text\" style=\"margin-top: 14px\">Rigueur et professionnalisme, alli\u00e9s \u00e0 la solide connaissance d&#039;un demi-si\u00e8cle d&#039;exp\u00e9rience, font de Safina l&#039;un des acteurs les plus importants du march\u00e9 ib\u00e9rique.<\/p>\n\t\t\t<\/div>\n<\/div>\t\t<\/div>\n\t<\/div>\n<\/div><\/div>[\/vc_column][\/vc_row][vc_row row_btt_skin=\u00a0\u00bblight\u00a0\u00bb row_background_text_position=\u00a0\u00bbfront\u00a0\u00bb row_background_text_vertical_align=\u00a0\u00bbtop\u00a0\u00bb row_skin=\u00a0\u00bbdark\u00a0\u00bb css=\u00a0\u00bb.vc_custom_1648040966259{padding-top: 0px !important;padding-bottom: 54px !important;}\u00a0\u00bb el_class=\u00a0\u00bbmkdf-gray-text\u00a0\u00bb row_background_text_1=\u00a0\u00bbObjectivos\u00a0\u00bb row_background_text_size=\u00a0\u00bb180px\u00a0\u00bb row_background_text_size_1440=\u00a0\u00bb160px\u00a0\u00bb row_background_text_size_1280=\u00a0\u00bb160px\u00a0\u00bb row_background_text_padding_top=\u00a0\u00bb65px\u00a0\u00bb row_background_text_padding_top_1440=\u00a0\u00bb68px\u00a0\u00bb row_background_text_padding_top_1280=\u00a0\u00bb64px\u00a0\u00bb row_background_text_padding_left=\u00a0\u00bb104px\u00a0\u00bb row_background_text_padding_left_1440=\u00a0\u00bb3.2%\u00a0\u00bb row_background_text_padding_left_1280=\u00a0\u00bb4%\u00a0\u00bb el_id=\u00a0\u00bbobjectifs-strategiques\u00a0\u00bb][vc_column el_class=\u00a0\u00bbcontainner\u00a0\u00bb]<div class=\"mkdf-elements-holder mkdf-row-grid-section  mkdf-one-column  mkdf-responsive-mode-1024 \" ><div class=\"mkdf-eh-item    \"  data-item-class=\"mkdf-eh-custom-8975\" data-1367-1600=\"133px 0 0px 76px\" data-1025-1366=\"117px 0 0 8.1%\" data-769-1024=\"95px 0 0 118px\" data-681-768=\"95px 0 0 72px\" data-680=\"95px 0 0 35px\">\n\t<div class=\"mkdf-eh-item-inner\">\n\t\t<div class=\"mkdf-eh-item-content mkdf-eh-custom-8975\" style=\"padding: 125px 0 0px 152px\">\n\t\t\t[vc_column_text]<\/p>\n<h2>Objectifs Strat\u00e9giques<\/h2>\n<p>[\/vc_column_text]\t\t<\/div>\n\t<\/div>\n<\/div><\/div>[\/vc_column][\/vc_row][vc_row row_content_width=\u00a0\u00bbgrid\u00a0\u00bb row_btt_skin=\u00a0\u00bblight\u00a0\u00bb row_background_text_position=\u00a0\u00bbfront\u00a0\u00bb row_skin=\u00a0\u00bbdark\u00a0\u00bb css=\u00a0\u00bb.vc_custom_1648041031379{padding-top: 0px !important;padding-bottom: 54px !important;}\u00a0\u00bb el_class=\u00a0\u00bbmkdf-gray-text\u00a0\u00bb el_id=\u00a0\u00bb50-anne\u00a0\u00bb][vc_column el_class=\u00a0\u00bbcontainner\u00a0\u00bb]<div class=\"mkdf-elements-holder mkdf-row-grid-section  mkdf-one-column  mkdf-responsive-mode-1024 \" ><div class=\"mkdf-eh-item    \"  data-item-class=\"mkdf-eh-custom-3328\">\n\t<div class=\"mkdf-eh-item-inner\">\n\t\t<div class=\"mkdf-eh-item-content mkdf-eh-custom-3328\" >\n\t\t\t[vc_column_text]Le 10 f\u00e9vrier 1971, Safina &#8211; Sociedade Industrial de Cartifas, a ouvert ses portes \u00e0 Cortega\u00e7a, Ovar. Au d\u00e9part, elle s&rsquo;est sp\u00e9cialis\u00e9e dans la production de tapis, moquettes et tapis, et au fil du temps, elle a \u00e9largi son activit\u00e9 aux domaines de l&rsquo;extrusion de fils synth\u00e9tiques et de la fabrication de tapis au Caire. En 1996, elle se lance dans la fabrication et la commercialisation de gazon artificiel d\u00e9coratif, \u00e9tendant son activit\u00e9, en 2006, \u00e0 la fabrication de gazon artificiel sportif et paysager, qui repr\u00e9sente actuellement environ 80% de la production de l&rsquo;entreprise.[\/vc_column_text]\t\t<\/div>\n\t<\/div>\n<\/div><\/div>[\/vc_column][\/vc_row][vc_row row_content_width=\u00a0\u00bbgrid\u00a0\u00bb row_btt_skin=\u00a0\u00bblight\u00a0\u00bb row_background_text_position=\u00a0\u00bbfront\u00a0\u00bb row_skin=\u00a0\u00bbdark\u00a0\u00bb css=\u00a0\u00bb.vc_custom_1648041065445{padding-top: 0px !important;padding-bottom: 54px !important;}\u00a0\u00bb el_class=\u00a0\u00bbmkdf-gray-text\u00a0\u00bb el_id=\u00a0\u00bbsobre-blockquote\u00a0\u00bb][vc_column el_class=\u00a0\u00bbcontainner\u00a0\u00bb]<div class=\"mkdf-elements-holder mkdf-row-grid-section  mkdf-one-column  mkdf-responsive-mode-1024 \" ><div class=\"mkdf-eh-item    \"  data-item-class=\"mkdf-eh-custom-4881\">\n\t<div class=\"mkdf-eh-item-inner\">\n\t\t<div class=\"mkdf-eh-item-content mkdf-eh-custom-4881\" >\n\t\t\t[vc_column_text]<\/p>\n<blockquote><p><span style=\"color: #d11217;\"><em>Notre avantage concurrentiel est la bonne relation que nous entretenons avec nos clients.<br \/>\n<\/em><\/span><span style=\"text-align: right;\">Ac\u00e1cio Coelho, Fondateur de la Safina<\/span><\/p><\/blockquote>\n<p>[\/vc_column_text]\t\t<\/div>\n\t<\/div>\n<\/div><\/div>[\/vc_column][\/vc_row][vc_row row_content_width=\u00a0\u00bbgrid\u00a0\u00bb row_btt_skin=\u00a0\u00bblight\u00a0\u00bb row_background_text_position=\u00a0\u00bbfront\u00a0\u00bb row_skin=\u00a0\u00bbdark\u00a0\u00bb css=\u00a0\u00bb.vc_custom_1640357872312{padding-top: 0px !important;padding-bottom: 102px !important;}\u00a0\u00bb el_class=\u00a0\u00bbmkdf-gray-text\u00a0\u00bb][vc_column el_class=\u00a0\u00bbcontainner\u00a0\u00bb]<div class=\"mkdf-elements-holder mkdf-row-grid-section  mkdf-one-column  mkdf-responsive-mode-1024 \" ><div class=\"mkdf-eh-item    \"  data-item-class=\"mkdf-eh-custom-8210\">\n\t<div class=\"mkdf-eh-item-inner\">\n\t\t<div class=\"mkdf-eh-item-content mkdf-eh-custom-8210\" >\n\t\t\t[vc_column_text]Safina est l&rsquo;un des acteurs les plus importants du march\u00e9 de la p\u00e9ninsule ib\u00e9rique, vendant \u00e9galement sur d&rsquo;autres march\u00e9s europ\u00e9ens et au-del\u00e0 : l&rsquo;Australie, le Maroc, l&rsquo;Alg\u00e9rie et le Qatar sont d&rsquo;autres destinations avec les productions de Safina, \u00e0 savoir des terrains de football, des \u00e9v\u00e9nements et des jardins, entre autres services. La production de tapis repr\u00e9sente encore 20% de la production de Safina, principalement destin\u00e9e au march\u00e9 multi-prix.<\/p>\n<p>Plus de 50 ans d&rsquo;exp\u00e9rience il y a eu de nombreuses r\u00e9alisations, nous soulignons:<\/p>\n<p>&#8211; Certification du syst\u00e8me de gestion de la qualit\u00e9 de l&rsquo;entreprise par la norme ISO9001:2015, ainsi que la mise en \u0153uvre d&rsquo;un vaste plan de modernisation des syst\u00e8mes et des technologies de fabrication (investissement global de plus de 5 M\u20ac sur la p\u00e9riode 2008-2011) ;<\/p>\n<p>&#8211; La signature de Safina dans le premier grand concours pour la fourniture de gazon artificiel pour le football au Portugal, sur un total de 38 terrains dans le District de Braga entre 2009 et 2010.<\/p>\n<p>&#8211; L&rsquo;int\u00e9gration en tant que membre ESTC (EMEA Synthetic Turf Council) et, plus r\u00e9cemment, le partenariat avec des fournisseurs certifi\u00e9s FIFA.<\/p>\n<p>Aujourd&rsquo;hui, des valeurs telles que la qualit\u00e9, l&rsquo;engagement et la proximit\u00e9 soutiennent la p\u00e9rennit\u00e9 d&rsquo;une entreprise qui, m\u00eame en expansion, ne perd pas son essence. Avec une \u00e9quipe d&rsquo;une centaine de collaborateurs et un portefeuille d&rsquo;environ 500 clients nationaux et internationaux, le facteur de diff\u00e9renciation r\u00e9side dans la proximit\u00e9 et l&rsquo;engagement envers l&rsquo;\u00e9quipe et les clients.[\/vc_column_text]\t\t<\/div>\n\t<\/div>\n<\/div><\/div>[\/vc_column][\/vc_row]<\/p>\n","protected":false},"excerpt":{"rendered":"<p>[vc_row row_content_width=\u00a0\u00bbgrid\u00a0\u00bb row_btt_skin=\u00a0\u00bblight\u00a0\u00bb row_background_text_position=\u00a0\u00bbfront\u00a0\u00bb row_skin=\u00a0\u00bbdark\u00a0\u00bb css=\u00a0\u00bb.vc_custom_1648038016940{padding-top: 54px !important;padding-bottom: 54px !important;}\u00a0\u00bb simple_background_color=\u00a0\u00bb#1e212b\u00a0\u00bb el_id=\u00a0\u00bbsobre-foto\u00a0\u00bb][vc_column offset=\u00a0\u00bbvc_col-lg-offset-0 vc_col-lg-6 vc_col-md-offset-0 vc_col-md-12 vc_col-sm-offset-0&Prime; el_class=\u00a0\u00bbmkdf-appearing-section mkdf-custom-column-image\u00a0\u00bb][\/vc_column][vc_column offset=\u00a0\u00bbvc_col-lg-offset-0 vc_col-lg-6 vc_col-md-offset-0 vc_col-md-12 vc_col-sm-offset-0&Prime;][\/vc_column][\/vc_row][vc_row row_btt_skin=\u00a0\u00bblight\u00a0\u00bb row_background_text_position=\u00a0\u00bbfront\u00a0\u00bb row_background_text_align=\u00a0\u00bbleft\u00a0\u00bb row_skin=\u00a0\u00bbdark\u00a0\u00bb row_background_text_1=\u00a0\u00bbINSTALLATIONS\u00a0\u00bb row_background_text_size=\u00a0\u00bb10em\u00a0\u00bb row_background_text_size_1280=\u00a0\u00bb7em\u00a0\u00bb row_background_text_size_1440=\u00a0\u00bb9m\u00a0\u00bb row_background_text_color=\u00a0\u00bbrgba(222,223,224,0.6)\u00a0\u00bb simple_background_color=\u00a0\u00bb#8491a3&Prime; row_background_text_padding_top=\u00a0\u00bb2%\u00a0\u00bb row_background_text_padding_top_1440=\u00a0\u00bb2%\u00a0\u00bb row_background_text_padding_top_1280=\u00a0\u00bb2%\u00a0\u00bb row_background_text_padding_left=\u00a0\u00bb9%\u00a0\u00bb row_background_text_padding_left_1440=\u00a0\u00bb9%\u00a0\u00bb row_background_text_padding_left_1280=\u00a0\u00bb9%\u00a0\u00bb][vc_column][\/vc_column][\/vc_row][vc_row [&hellip;]<\/p>\n","protected":false},"author":1,"featured_media":0,"parent":0,"menu_order":0,"comment_status":"closed","ping_status":"closed","template":"full-width.php","meta":{"inline_featured_image":false},"_links":{"self":[{"href":"https:\/\/staging.safina.pt\/fr\/wp-json\/wp\/v2\/pages\/11922"}],"collection":[{"href":"https:\/\/staging.safina.pt\/fr\/wp-json\/wp\/v2\/pages"}],"about":[{"href":"https:\/\/staging.safina.pt\/fr\/wp-json\/wp\/v2\/types\/page"}],"author":[{"embeddable":true,"href":"https:\/\/staging.safina.pt\/fr\/wp-json\/wp\/v2\/users\/1"}],"replies":[{"embeddable":true,"href":"https:\/\/staging.safina.pt\/fr\/wp-json\/wp\/v2\/comments?post=11922"}],"version-history":[{"count":27,"href":"https:\/\/staging.safina.pt\/fr\/wp-json\/wp\/v2\/pages\/11922\/revisions"}],"predecessor-version":[{"id":12913,"href":"https:\/\/staging.safina.pt\/fr\/wp-json\/wp\/v2\/pages\/11922\/revisions\/12913"}],"wp:attachment":[{"href":"https:\/\/staging.safina.pt\/fr\/wp-json\/wp\/v2\/media?parent=11922"}],"curies":[{"name":"wp","href":"https:\/\/api.w.org\/{rel}","templated":true}]}}